{"id":11,"date":"2019-06-28T15:34:16","date_gmt":"2019-06-28T15:34:16","guid":{"rendered":"http:\/\/wp2.falzw.de\/?page_id=11"},"modified":"2020-06-09T19:32:48","modified_gmt":"2020-06-09T19:32:48","slug":"pplh","status":"publish","type":"page","link":"https:\/\/falzw.de\/index.php\/pplh\/","title":{"rendered":"PPL(H)"},"content":{"rendered":"<body>\n<h4 class=\"wp-block-heading\">Privatpilotenlizenz (Hubschrauber)<br>PPL(H) EU-Lizenz nach Teil FCL<\/h4>\n\n\n\n<h3 class=\"wp-block-heading\">Voraussetzungen<\/h3>\n\n\n\n<ul class=\"wp-block-list\"><li>Mindestalter bei Beginn der Ausbildung 16 Jahre, Erwerb ab 17 Jahre<\/li><li>Flieger\u00e4rztliche Tauglichkeit (Klasse I oder II)\u00a0<br>G\u00fcltigkeit:<ul><li>bis zum 30. Lebensjahr: 60 Monate<\/li><li>bis zum 50. Lebensjahr: 24 Monate<\/li><li>ab dem 51. Lebensjahr: 12 Monate<\/li><\/ul><\/li><li>amtl. beglaubigte Geburtsurkunde<\/li><li>Auszug aus dem Verkehrszentralregister<\/li><li>Erkl\u00e4rung \u00fcber Schwebende Strafverfahren<\/li><li>Passbilder (3 St\u00fcck)<\/li><li>Nachweis \u00fcber den Kurs \u201cSofortma\u00dfnahmen am Unfallort\u201d<\/li><\/ul>\n\n\n\n<h3 class=\"wp-block-heading\">Theoretische Ausbildung (ca. 90 h)<\/h3>\n\n\n\n<ul class=\"wp-block-list\"><li>Luftrecht,<\/li><li>Verhalten,<\/li><li>allgemeine Luftfahrzeugkenntnisse (H),<\/li><li>menschliches Leistungsverm\u00f6gen,<\/li><li>Meteorologie,<\/li><li>Navigation,<\/li><li>Aerodynamik,<\/li><li>Zus\u00e4tzlich: Sprechfunkverkehr.<\/li><\/ul>\n\n\n\n<h3 class=\"wp-block-heading\">Praktische Ausbildung<\/h3>\n\n\n\n<ul class=\"wp-block-list\"><li>min. 45 Flugstunden, darin:<\/li><li>25 Stunden auf Hubschrauber mit Fluglehrer<\/li><li>10 Stunden im Alleinflug unter Aufsicht,<\/li><li>davon 5 Stunden als \u00dcberlandfl\u00fcge (min 1 Flug \u00fcber eine Strecke von 100NM)<\/li><\/ul>\n\n\n\n<h3 class=\"wp-block-heading\">Pr\u00fcfungen<\/h3>\n\n\n\n<ul class=\"wp-block-list\"><li>Theoretische Pr\u00fcfung (Multiple Choice)<\/li><li>Praktische Pr\u00fcfung<\/li><\/ul>\n\n\n\n<h3 class=\"wp-block-heading\">Kosten<\/h3>\n\n\n\n<p>auf Anfrage (abh\u00e4ngig von der Partnerflugschule)<\/p>\n\n\n\n<div style=\"height:100px\" aria-hidden=\"true\" class=\"wp-block-spacer\"><\/div>\n<\/body>","protected":false},"excerpt":{"rendered":"<p>Privatpilotenlizenz (Hubschrauber)PPL(H) EU-Lizenz nach Teil FCL Voraussetzungen Mindestalter bei Beginn der Ausbildung 16 Jahre, Erwerb ab 17 Jahre Flieger\u00e4rztliche Tauglichkeit (Klasse I oder II)\u00a0G\u00fcltigkeit: bis zum 30. Lebensjahr: 60 Monate bis zum 50. Lebensjahr: 24 Monate ab dem 51. Lebensjahr: 12 Monate amtl. beglaubigte Geburtsurkunde Auszug aus dem Verkehrszentralregister Erkl\u00e4rung [&hellip;]<\/p>\n","protected":false},"author":3,"featured_media":156,"parent":0,"menu_order":0,"comment_status":"closed","ping_status":"closed","template":"","meta":{"om_disable_all_campaigns":false,"_monsterinsights_skip_tracking":false,"_monsterinsights_sitenote_active":false,"_monsterinsights_sitenote_note":"","_monsterinsights_sitenote_category":0,"footnotes":""},"class_list":["post-11","page","type-page","status-publish","has-post-thumbnail","hentry"],"jetpack_sharing_enabled":true,"_links":{"self":[{"href":"https:\/\/falzw.de\/index.php\/wp-json\/wp\/v2\/pages\/11","targetHints":{"allow":["GET"]}}],"collection":[{"href":"https:\/\/falzw.de\/index.php\/wp-json\/wp\/v2\/pages"}],"about":[{"href":"https:\/\/falzw.de\/index.php\/wp-json\/wp\/v2\/types\/page"}],"author":[{"embeddable":true,"href":"https:\/\/falzw.de\/index.php\/wp-json\/wp\/v2\/users\/3"}],"replies":[{"embeddable":true,"href":"https:\/\/falzw.de\/index.php\/wp-json\/wp\/v2\/comments?post=11"}],"version-history":[{"count":3,"href":"https:\/\/falzw.de\/index.php\/wp-json\/wp\/v2\/pages\/11\/revisions"}],"predecessor-version":[{"id":177,"href":"https:\/\/falzw.de\/index.php\/wp-json\/wp\/v2\/pages\/11\/revisions\/177"}],"wp:featuredmedia":[{"embeddable":true,"href":"https:\/\/falzw.de\/index.php\/wp-json\/wp\/v2\/media\/156"}],"wp:attachment":[{"href":"https:\/\/falzw.de\/index.php\/wp-json\/wp\/v2\/media?parent=11"}],"curies":[{"name":"wp","href":"https:\/\/api.w.org\/{rel}","templated":true}]}}