{"id":178,"date":"2020-06-09T19:37:03","date_gmt":"2020-06-09T19:37:03","guid":{"rendered":"http:\/\/wp2.falzw.de\/?page_id=178"},"modified":"2021-02-23T15:48:37","modified_gmt":"2021-02-23T15:48:37","slug":"eir","status":"publish","type":"page","link":"https:\/\/falzw.de\/index.php\/eir\/","title":{"rendered":"CB-IR"},"content":{"rendered":"<body>\n<h4 class=\"wp-block-heading\"><strong>Competency based instrument rating<\/strong><\/h4>\n\n\n\n<h3 class=\"wp-block-heading\">Voraussetzungen<\/h3>\n\n\n\n<ul class=\"wp-block-list\"><li>PPL(A) mit Klassenberechtigung bis 2000 kg<\/li><li>50h Flugerfahrung<\/li><\/ul>\n\n\n\n<h3 class=\"wp-block-heading\">Theoretische Ausbildung<\/h3>\n\n\n\n<ul class=\"wp-block-list\"><li>Instrumentenkunde<\/li><li>Funknavigation<\/li><li>Luftrecht<\/li><\/ul>\n\n\n\n<h3 class=\"wp-block-heading\">Praktische Ausbildung<\/h3>\n\n\n\n<ul class=\"wp-block-list\"><li>40 Stunden, davon k\u00f6nnen 25 h auf einem FNPT II<\/li><\/ul>\n\n\n\n<h3 class=\"wp-block-heading\">Pr\u00fcfungen<\/h3>\n\n\n\n<ul class=\"wp-block-list\"><li>Theoretische Pr\u00fcfung<\/li><li>Praktische Pr\u00fcfung<\/li><\/ul>\n\n\n\n<h3 class=\"wp-block-heading\">Kosten<\/h3>\n\n\n\n<p>auf Anfrage (abh\u00e4ngig von der Partnerflugschule)<\/p>\n<\/body>","protected":false},"excerpt":{"rendered":"<p>Competency based instrument rating Voraussetzungen PPL(A) mit Klassenberechtigung bis 2000 kg 50h Flugerfahrung Theoretische Ausbildung Instrumentenkunde Funknavigation Luftrecht Praktische Ausbildung 40 Stunden, davon k\u00f6nnen 25 h auf einem FNPT II Pr\u00fcfungen Theoretische Pr\u00fcfung Praktische Pr\u00fcfung Kosten auf Anfrage (abh\u00e4ngig von der Partnerflugschule)<\/p>\n","protected":false},"author":3,"featured_media":217,"parent":0,"menu_order":0,"comment_status":"closed","ping_status":"closed","template":"","meta":{"om_disable_all_campaigns":false,"_monsterinsights_skip_tracking":false,"_monsterinsights_sitenote_active":false,"_monsterinsights_sitenote_note":"","_monsterinsights_sitenote_category":0,"footnotes":""},"class_list":["post-178","page","type-page","status-publish","has-post-thumbnail","hentry"],"jetpack_sharing_enabled":true,"_links":{"self":[{"href":"https:\/\/falzw.de\/index.php\/wp-json\/wp\/v2\/pages\/178","targetHints":{"allow":["GET"]}}],"collection":[{"href":"https:\/\/falzw.de\/index.php\/wp-json\/wp\/v2\/pages"}],"about":[{"href":"https:\/\/falzw.de\/index.php\/wp-json\/wp\/v2\/types\/page"}],"author":[{"embeddable":true,"href":"https:\/\/falzw.de\/index.php\/wp-json\/wp\/v2\/users\/3"}],"replies":[{"embeddable":true,"href":"https:\/\/falzw.de\/index.php\/wp-json\/wp\/v2\/comments?post=178"}],"version-history":[{"count":3,"href":"https:\/\/falzw.de\/index.php\/wp-json\/wp\/v2\/pages\/178\/revisions"}],"predecessor-version":[{"id":299,"href":"https:\/\/falzw.de\/index.php\/wp-json\/wp\/v2\/pages\/178\/revisions\/299"}],"wp:featuredmedia":[{"embeddable":true,"href":"https:\/\/falzw.de\/index.php\/wp-json\/wp\/v2\/media\/217"}],"wp:attachment":[{"href":"https:\/\/falzw.de\/index.php\/wp-json\/wp\/v2\/media?parent=178"}],"curies":[{"name":"wp","href":"https:\/\/api.w.org\/{rel}","templated":true}]}}